{"id":964,"date":"2022-11-07T20:30:46","date_gmt":"2022-11-07T19:30:46","guid":{"rendered":"https:\/\/www.mto.be\/?page_id=964"},"modified":"2022-11-09T09:11:53","modified_gmt":"2022-11-09T08:11:53","slug":"elementor-964","status":"publish","type":"page","link":"https:\/\/www.mto.be\/index.php\/elementor-964\/","title":{"rendered":"plan"},"content":{"rendered":"\t\t<div data-elementor-type=\"wp-page\" data-elementor-id=\"964\" class=\"elementor elementor-964\">\n\t\t\t\t\t\t<section class=\"elementor-section elementor-top-section elementor-element elementor-element-xid7kkf elementor-section-content-middle elementor-section-stretched elementor-section-boxed elementor-section-height-default elementor-section-height-default\" data-id=\"xid7kkf\" data-element_type=\"section\" data-e-type=\"section\" data-settings=\"{&quot;stretch_section&quot;:&quot;section-stretched&quot;}\">\n\t\t\t\t\t\t<div class=\"elementor-container elementor-column-gap-no\">\n\t\t\t\t\t<div class=\"elementor-column elementor-col-100 elementor-top-column elementor-element elementor-element-c49bbca\" data-id=\"c49bbca\" data-element_type=\"column\" data-e-type=\"column\">\n\t\t\t<div class=\"elementor-widget-wrap elementor-element-populated\">\n\t\t\t\t\t\t<div class=\"elementor-element elementor-element-a3af07e elementor-vertical-align-top elementor-widget elementor-widget-image-box\" data-id=\"a3af07e\" data-element_type=\"widget\" data-e-type=\"widget\" data-widget_type=\"image-box.default\">\n\t\t\t\t<div class=\"elementor-widget-container\">\n\t\t\t\t\t<div class=\"elementor-image-box-wrapper\"><div class=\"elementor-image-box-content\"><h2 class=\"elementor-image-box-title\">Comment nous rejoindre<\/h2><\/div><\/div>\t\t\t\t<\/div>\n\t\t\t\t<\/div>\n\t\t\t\t<section class=\"elementor-section elementor-inner-section elementor-element elementor-element-d577336 elementor-section-boxed elementor-section-height-default elementor-section-height-default\" data-id=\"d577336\" data-element_type=\"section\" data-e-type=\"section\">\n\t\t\t\t\t\t<div class=\"elementor-container elementor-column-gap-no\">\n\t\t\t\t\t<div class=\"elementor-column elementor-col-100 elementor-inner-column elementor-element elementor-element-2a4feab\" data-id=\"2a4feab\" data-element_type=\"column\" data-e-type=\"column\">\n\t\t\t<div class=\"elementor-widget-wrap elementor-element-populated\">\n\t\t\t\t\t\t<div class=\"elementor-element elementor-element-2d9c6dd elementor-widget elementor-widget-image\" data-id=\"2d9c6dd\" data-element_type=\"widget\" data-e-type=\"widget\" data-widget_type=\"image.default\">\n\t\t\t\t<div class=\"elementor-widget-container\">\n\t\t\t\t\t\t\t\t\t\t\t\t\t\t\t<img fetchpriority=\"high\" decoding=\"async\" width=\"938\" height=\"478\" src=\"https:\/\/www.mto.be\/wp-content\/uploads\/2022\/11\/plan.png\" class=\"attachment-large size-large wp-image-970\" alt=\"\" srcset=\"https:\/\/www.mto.be\/wp-content\/uploads\/2022\/11\/plan.png 938w, https:\/\/www.mto.be\/wp-content\/uploads\/2022\/11\/plan-300x153.png 300w, https:\/\/www.mto.be\/wp-content\/uploads\/2022\/11\/plan-768x391.png 768w, https:\/\/www.mto.be\/wp-content\/uploads\/2022\/11\/plan-600x306.png 600w\" sizes=\"(max-width: 938px) 100vw, 938px\" \/>\t\t\t\t\t\t\t\t\t\t\t\t\t\t\t<\/div>\n\t\t\t\t<\/div>\n\t\t\t\t<div class=\"elementor-element elementor-element-6702573 elementor-widget elementor-widget-heading\" data-id=\"6702573\" data-element_type=\"widget\" data-e-type=\"widget\" data-widget_type=\"heading.default\">\n\t\t\t\t<div class=\"elementor-widget-container\">\n\t\t\t\t\t<h4 class=\"elementor-heading-title elementor-size-default\">via RN58 sortie 8<\/h4>\t\t\t\t<\/div>\n\t\t\t\t<\/div>\n\t\t\t\t<div class=\"elementor-element elementor-element-666e885 elementor-widget elementor-widget-text-editor\" data-id=\"666e885\" data-element_type=\"widget\" data-e-type=\"widget\" data-widget_type=\"text-editor.default\">\n\t\t\t\t<div class=\"elementor-widget-container\">\n\t\t\t\t\t\t\t\t\t<ul><li>Sortie \u00ab\u00a0Pont-Rouge\u00a0\u00bb \u00e0 droite<\/li><li>traverser le Gheer<\/li><li>Parking sur la gauche \u00e0 l&rsquo;entr\u00e9e de Ploegsteert<\/li><li><img decoding=\"async\" class=\"alignnone size-medium wp-image-985\" src=\"https:\/\/www.mto.be\/wp-content\/uploads\/2022\/11\/parking1-300x135.png\" alt=\"\" width=\"300\" height=\"135\" srcset=\"https:\/\/www.mto.be\/wp-content\/uploads\/2022\/11\/parking1-300x135.png 300w, https:\/\/www.mto.be\/wp-content\/uploads\/2022\/11\/parking1-1024x460.png 1024w, https:\/\/www.mto.be\/wp-content\/uploads\/2022\/11\/parking1-768x345.png 768w, https:\/\/www.mto.be\/wp-content\/uploads\/2022\/11\/parking1-600x269.png 600w, https:\/\/www.mto.be\/wp-content\/uploads\/2022\/11\/parking1.png 1365w\" sizes=\"(max-width: 300px) 100vw, 300px\" \/> <img decoding=\"async\" class=\"alignnone size-medium wp-image-986\" src=\"https:\/\/www.mto.be\/wp-content\/uploads\/2022\/11\/parking2-300x136.png\" alt=\"\" width=\"300\" height=\"136\" srcset=\"https:\/\/www.mto.be\/wp-content\/uploads\/2022\/11\/parking2-300x136.png 300w, https:\/\/www.mto.be\/wp-content\/uploads\/2022\/11\/parking2-1024x466.png 1024w, https:\/\/www.mto.be\/wp-content\/uploads\/2022\/11\/parking2-768x349.png 768w, https:\/\/www.mto.be\/wp-content\/uploads\/2022\/11\/parking2-600x273.png 600w, https:\/\/www.mto.be\/wp-content\/uploads\/2022\/11\/parking2.png 1357w\" sizes=\"(max-width: 300px) 100vw, 300px\" \/><\/li><\/ul>\t\t\t\t\t\t\t\t<\/div>\n\t\t\t\t<\/div>\n\t\t\t\t<div class=\"elementor-element elementor-element-1f840b9 elementor-widget elementor-widget-heading\" data-id=\"1f840b9\" data-element_type=\"widget\" data-e-type=\"widget\" data-widget_type=\"heading.default\">\n\t\t\t\t<div class=\"elementor-widget-container\">\n\t\t\t\t\t<h4 class=\"elementor-heading-title elementor-size-default\">via RN58 sortie 9<\/h4>\t\t\t\t<\/div>\n\t\t\t\t<\/div>\n\t\t\t\t<div class=\"elementor-element elementor-element-27ea04f elementor-widget elementor-widget-text-editor\" data-id=\"27ea04f\" data-element_type=\"widget\" data-e-type=\"widget\" data-widget_type=\"text-editor.default\">\n\t\t\t\t<div class=\"elementor-widget-container\">\n\t\t\t\t\t\t\t\t\t<ul><li>Sortie \u00ab\u00a0Le Touquet\u00a0\u00bb \u00e0 droite<\/li><li>Au rond point 1er sortie<\/li><li>Au bout \u00e0 gauche et au Aldi \u00e0 droite<\/li><li>A l&rsquo;entr\u00e9e de ploegsteert Parking sur la droite<\/li><li><img loading=\"lazy\" decoding=\"async\" class=\"alignnone size-medium wp-image-1047\" src=\"https:\/\/www.mto.be\/wp-content\/uploads\/2022\/11\/parking4-300x134.png\" alt=\"\" width=\"300\" height=\"134\" srcset=\"https:\/\/www.mto.be\/wp-content\/uploads\/2022\/11\/parking4-300x134.png 300w, https:\/\/www.mto.be\/wp-content\/uploads\/2022\/11\/parking4-1024x457.png 1024w, https:\/\/www.mto.be\/wp-content\/uploads\/2022\/11\/parking4-768x343.png 768w, https:\/\/www.mto.be\/wp-content\/uploads\/2022\/11\/parking4-600x268.png 600w, https:\/\/www.mto.be\/wp-content\/uploads\/2022\/11\/parking4.png 1361w\" sizes=\"(max-width: 300px) 100vw, 300px\" \/> <img loading=\"lazy\" decoding=\"async\" class=\"alignnone size-medium wp-image-1046\" src=\"https:\/\/www.mto.be\/wp-content\/uploads\/2022\/11\/parking3-300x132.png\" alt=\"\" width=\"300\" height=\"132\" srcset=\"https:\/\/www.mto.be\/wp-content\/uploads\/2022\/11\/parking3-300x132.png 300w, https:\/\/www.mto.be\/wp-content\/uploads\/2022\/11\/parking3-1024x451.png 1024w, https:\/\/www.mto.be\/wp-content\/uploads\/2022\/11\/parking3-768x338.png 768w, https:\/\/www.mto.be\/wp-content\/uploads\/2022\/11\/parking3-600x264.png 600w, https:\/\/www.mto.be\/wp-content\/uploads\/2022\/11\/parking3.png 1361w\" sizes=\"(max-width: 300px) 100vw, 300px\" \/><\/li><li><img loading=\"lazy\" decoding=\"async\" class=\"alignnone size-medium wp-image-1042\" src=\"https:\/\/www.mto.be\/wp-content\/uploads\/2022\/11\/parking-5-300x134.png\" alt=\"\" width=\"300\" height=\"134\" srcset=\"https:\/\/www.mto.be\/wp-content\/uploads\/2022\/11\/parking-5-300x134.png 300w, https:\/\/www.mto.be\/wp-content\/uploads\/2022\/11\/parking-5-1024x457.png 1024w, https:\/\/www.mto.be\/wp-content\/uploads\/2022\/11\/parking-5-768x342.png 768w, https:\/\/www.mto.be\/wp-content\/uploads\/2022\/11\/parking-5-600x268.png 600w, https:\/\/www.mto.be\/wp-content\/uploads\/2022\/11\/parking-5.png 1357w\" sizes=\"(max-width: 300px) 100vw, 300px\" \/> <img loading=\"lazy\" decoding=\"async\" class=\"alignnone size-medium wp-image-1048\" src=\"https:\/\/www.mto.be\/wp-content\/uploads\/2022\/11\/parking6-300x135.png\" alt=\"\" width=\"300\" height=\"135\" srcset=\"https:\/\/www.mto.be\/wp-content\/uploads\/2022\/11\/parking6-300x135.png 300w, https:\/\/www.mto.be\/wp-content\/uploads\/2022\/11\/parking6-1024x460.png 1024w, https:\/\/www.mto.be\/wp-content\/uploads\/2022\/11\/parking6-768x345.png 768w, https:\/\/www.mto.be\/wp-content\/uploads\/2022\/11\/parking6-600x269.png 600w, https:\/\/www.mto.be\/wp-content\/uploads\/2022\/11\/parking6.png 1361w\" sizes=\"(max-width: 300px) 100vw, 300px\" \/><\/li><\/ul>\t\t\t\t\t\t\t\t<\/div>\n\t\t\t\t<\/div>\n\t\t\t\t\t<\/div>\n\t\t<\/div>\n\t\t\t\t\t<\/div>\n\t\t<\/section>\n\t\t\t\t<div class=\"elementor-element elementor-element-373991f elementor-widget elementor-widget-heading\" data-id=\"373991f\" data-element_type=\"widget\" data-e-type=\"widget\" data-widget_type=\"heading.default\">\n\t\t\t\t<div class=\"elementor-widget-container\">\n\t\t\t\t\t<h4 class=\"elementor-heading-title elementor-size-default\">via Messines<\/h4>\t\t\t\t<\/div>\n\t\t\t\t<\/div>\n\t\t\t\t<div class=\"elementor-element elementor-element-5fb2251 elementor-widget elementor-widget-text-editor\" data-id=\"5fb2251\" data-element_type=\"widget\" data-e-type=\"widget\" data-widget_type=\"text-editor.default\">\n\t\t\t\t<div class=\"elementor-widget-container\">\n\t\t\t\t\t\t\t\t\t<ul><li>Des navettes sont pr\u00e9vues pour vous conduire jusqu&rsquo;au d\u00e9part<\/li><li><img loading=\"lazy\" decoding=\"async\" class=\"alignnone size-medium wp-image-980\" src=\"https:\/\/www.mto.be\/wp-content\/uploads\/2022\/11\/tuktuk-300x225.jpg\" alt=\"\" width=\"300\" height=\"225\" srcset=\"https:\/\/www.mto.be\/wp-content\/uploads\/2022\/11\/tuktuk-300x225.jpg 300w, https:\/\/www.mto.be\/wp-content\/uploads\/2022\/11\/tuktuk-768x576.jpg 768w, https:\/\/www.mto.be\/wp-content\/uploads\/2022\/11\/tuktuk-600x450.jpg 600w, https:\/\/www.mto.be\/wp-content\/uploads\/2022\/11\/tuktuk.jpg 1024w\" sizes=\"(max-width: 300px) 100vw, 300px\" \/> <img loading=\"lazy\" decoding=\"async\" class=\"alignnone size-medium wp-image-1032\" src=\"https:\/\/www.mto.be\/wp-content\/uploads\/2022\/11\/navette1-300x134.png\" alt=\"\" width=\"300\" height=\"134\" srcset=\"https:\/\/www.mto.be\/wp-content\/uploads\/2022\/11\/navette1-300x134.png 300w, https:\/\/www.mto.be\/wp-content\/uploads\/2022\/11\/navette1-1024x457.png 1024w, https:\/\/www.mto.be\/wp-content\/uploads\/2022\/11\/navette1-768x342.png 768w, https:\/\/www.mto.be\/wp-content\/uploads\/2022\/11\/navette1-600x268.png 600w, https:\/\/www.mto.be\/wp-content\/uploads\/2022\/11\/navette1.png 1357w\" sizes=\"(max-width: 300px) 100vw, 300px\" \/><\/li><\/ul>\t\t\t\t\t\t\t\t<\/div>\n\t\t\t\t<\/div>\n\t\t\t\t<div class=\"elementor-element elementor-element-3101de2 elementor-widget elementor-widget-heading\" data-id=\"3101de2\" data-element_type=\"widget\" data-e-type=\"widget\" data-widget_type=\"heading.default\">\n\t\t\t\t<div class=\"elementor-widget-container\">\n\t\t\t\t\t<h4 class=\"elementor-heading-title elementor-size-default\">via Le Romarin<\/h4>\t\t\t\t<\/div>\n\t\t\t\t<\/div>\n\t\t\t\t<div class=\"elementor-element elementor-element-ed80273 elementor-widget elementor-widget-text-editor\" data-id=\"ed80273\" data-element_type=\"widget\" data-e-type=\"widget\" data-widget_type=\"text-editor.default\">\n\t\t\t\t<div class=\"elementor-widget-container\">\n\t\t\t\t\t\t\t\t\t<ul><li>Des navettes sont pr\u00e9vues pour vous conduire jusqu&rsquo;au d\u00e9part<\/li><li><img loading=\"lazy\" decoding=\"async\" class=\"alignnone size-medium wp-image-1055\" src=\"https:\/\/www.mto.be\/wp-content\/uploads\/2022\/11\/navette2-1-300x135.png\" alt=\"\" width=\"300\" height=\"135\" srcset=\"https:\/\/www.mto.be\/wp-content\/uploads\/2022\/11\/navette2-1-300x135.png 300w, https:\/\/www.mto.be\/wp-content\/uploads\/2022\/11\/navette2-1-1024x462.png 1024w, https:\/\/www.mto.be\/wp-content\/uploads\/2022\/11\/navette2-1-768x347.png 768w, https:\/\/www.mto.be\/wp-content\/uploads\/2022\/11\/navette2-1-600x271.png 600w, https:\/\/www.mto.be\/wp-content\/uploads\/2022\/11\/navette2-1.png 1353w\" sizes=\"(max-width: 300px) 100vw, 300px\" \/><\/li><\/ul>\t\t\t\t\t\t\t\t<\/div>\n\t\t\t\t<\/div>\n\t\t\t\t\t<\/div>\n\t\t<\/div>\n\t\t\t\t\t<\/div>\n\t\t<\/section>\n\t\t\t\t<section class=\"elementor-section elementor-top-section elementor-element elementor-element-6de5538 elementor-section-boxed elementor-section-height-default elementor-section-height-default\" data-id=\"6de5538\" data-element_type=\"section\" data-e-type=\"section\">\n\t\t\t\t\t\t<div class=\"elementor-container elementor-column-gap-default\">\n\t\t\t\t\t<div class=\"elementor-column elementor-col-100 elementor-top-column elementor-element elementor-element-9c867ba\" data-id=\"9c867ba\" data-element_type=\"column\" data-e-type=\"column\">\n\t\t\t<div class=\"elementor-widget-wrap\">\n\t\t\t\t\t\t\t<\/div>\n\t\t<\/div>\n\t\t\t\t\t<\/div>\n\t\t<\/section>\n\t\t\t\t<\/div>\n\t\t","protected":false},"excerpt":{"rendered":"<p>Comment nous rejoindre via RN58 sortie 8 Sortie \u00ab\u00a0Pont-Rouge\u00a0\u00bb \u00e0 droite traverser le Gheer Parking sur la gauche \u00e0 l&rsquo;entr\u00e9e de Ploegsteert via RN58 sortie 9 Sortie \u00ab\u00a0Le Touquet\u00a0\u00bb \u00e0 droite Au rond point 1er sortie Au bout \u00e0 gauche et au Aldi \u00e0 droite A l&rsquo;entr\u00e9e de ploegsteert Parking sur la droite via Messines [&hellip;]<\/p>\n","protected":false},"author":1,"featured_media":0,"parent":0,"menu_order":0,"comment_status":"closed","ping_status":"closed","template":"","meta":{"site-sidebar-layout":"no-sidebar","site-content-layout":"page-builder","ast-site-content-layout":"default","site-content-style":"default","site-sidebar-style":"default","ast-global-header-display":"","ast-banner-title-visibility":"","ast-main-header-display":"","ast-hfb-above-header-display":"","ast-hfb-below-header-display":"","ast-hfb-mobile-header-display":"","site-post-title":"disabled","ast-breadcrumbs-content":"","ast-featured-img":"disabled","footer-sml-layout":"","theme-transparent-header-meta":"","adv-header-id-meta":"","stick-header-meta":"","header-above-stick-meta":"","header-main-stick-meta":"","header-below-stick-meta":"","astra-migrate-meta-layouts":"default","ast-page-background-enabled":"default","ast-page-background-meta":{"desktop":{"background-color":"","background-image":"","background-repeat":"repeat","background-position":"center center","background-size":"auto","background-attachment":"scroll","background-type":"","background-media":"","overlay-type":"","overlay-color":"","overlay-opacity":"","overlay-gradient":""},"tablet":{"background-color":"","background-image":"","background-repeat":"repeat","background-position":"center center","background-size":"auto","background-attachment":"scroll","background-type":"","background-media":"","overlay-type":"","overlay-color":"","overlay-opacity":"","overlay-gradient":""},"mobile":{"background-color":"","background-image":"","background-repeat":"repeat","background-position":"center center","background-size":"auto","background-attachment":"scroll","background-type":"","background-media":"","overlay-type":"","overlay-color":"","overlay-opacity":"","overlay-gradient":""}},"ast-content-background-meta":{"desktop":{"background-color":"var(--ast-global-color-5)","background-image":"","background-repeat":"repeat","background-position":"center center","background-size":"auto","background-attachment":"scroll","background-type":"","background-media":"","overlay-type":"","overlay-color":"","overlay-opacity":"","overlay-gradient":""},"tablet":{"background-color":"var(--ast-global-color-5)","background-image":"","background-repeat":"repeat","background-position":"center center","background-size":"auto","background-attachment":"scroll","background-type":"","background-media":"","overlay-type":"","overlay-color":"","overlay-opacity":"","overlay-gradient":""},"mobile":{"background-color":"var(--ast-global-color-5)","background-image":"","background-repeat":"repeat","background-position":"center center","background-size":"auto","background-attachment":"scroll","background-type":"","background-media":"","overlay-type":"","overlay-color":"","overlay-opacity":"","overlay-gradient":""}},"footnotes":""},"class_list":["post-964","page","type-page","status-publish","hentry"],"_links":{"self":[{"href":"https:\/\/www.mto.be\/index.php\/wp-json\/wp\/v2\/pages\/964","targetHints":{"allow":["GET"]}}],"collection":[{"href":"https:\/\/www.mto.be\/index.php\/wp-json\/wp\/v2\/pages"}],"about":[{"href":"https:\/\/www.mto.be\/index.php\/wp-json\/wp\/v2\/types\/page"}],"author":[{"embeddable":true,"href":"https:\/\/www.mto.be\/index.php\/wp-json\/wp\/v2\/users\/1"}],"replies":[{"embeddable":true,"href":"https:\/\/www.mto.be\/index.php\/wp-json\/wp\/v2\/comments?post=964"}],"version-history":[{"count":29,"href":"https:\/\/www.mto.be\/index.php\/wp-json\/wp\/v2\/pages\/964\/revisions"}],"predecessor-version":[{"id":1058,"href":"https:\/\/www.mto.be\/index.php\/wp-json\/wp\/v2\/pages\/964\/revisions\/1058"}],"wp:attachment":[{"href":"https:\/\/www.mto.be\/index.php\/wp-json\/wp\/v2\/media?parent=964"}],"curies":[{"name":"wp","href":"https:\/\/api.w.org\/{rel}","templated":true}]}}